{"id":172,"date":"2025-10-26T16:45:54","date_gmt":"2025-10-26T16:45:54","guid":{"rendered":"https:\/\/zeitzureden.org\/?page_id=172"},"modified":"2025-11-02T21:53:50","modified_gmt":"2025-11-02T21:53:50","slug":"impressum-datenschutzerklaerung","status":"publish","type":"page","link":"https:\/\/zeitzureden.org\/en\/impressum-datenschutzerklaerung\/","title":{"rendered":"Impressum \/ Datenschutzerkl\u00e4rung"},"content":{"rendered":"\n<h2 class=\"wp-block-heading\"><strong>Impressum<\/strong><\/h2>\n\n\n\n<p><strong>Zeit zu reden n.e.V<\/strong>.<br>Luitpoldstr. 43<br>10781 Berlin<br>Deutschland<\/p>\n\n\n\n<p>E-Mail: <a href=\"mailto:info@zeitzureden.org\">info@zeitzureden.org<\/a><br><\/p>\n\n\n\n<p>Verantwortlich f\u00fcr den Inhalt nach \u00a7 55 Abs. 2 RStV:<br>Zeit zu reden n.e.V., Luitpoldstr. 43, 10781 Berlin<\/p>\n\n\n\n<p>Webdesign: <a href=\"https:\/\/subtype.studio\">subtype.studio<\/a><\/p>\n\n\n\n<hr class=\"wp-block-separator has-alpha-channel-opacity\"\/>\n\n\n\n<h2 class=\"wp-block-heading\"><strong>Datenschutzerkl\u00e4rung<\/strong><\/h2>\n\n\n\n<p>Wir nehmen den Schutz Ihrer pers\u00f6nlichen Daten sehr ernst. Personenbezogene Daten werden vertraulich und entsprechend der gesetzlichen Datenschutzvorschriften sowie dieser Datenschutzerkl\u00e4rung behandelt.<\/p>\n\n\n\n<h3 class=\"wp-block-heading\">1. Verantwortliche Stelle<\/h3>\n\n\n\n<p>Zeit zu reden n.e.V.<br>Luitpoldstr. 43<br>10781 Berlin<br>E-Mail: <a href=\"mailto:info@zeitzureden.org\">info@zeitzureden.org<\/a><\/p>\n\n\n\n<h3 class=\"wp-block-heading\">2. Erfassung von Daten<\/h3>\n\n\n\n<p>Unsere Website kann grunds\u00e4tzlich ohne Angabe personenbezogener Daten genutzt werden. Wenn personenbezogene Daten erhoben werden (z. B. \u00fcber Kontaktformulare oder Newsletter), erfolgt dies stets auf freiwilliger Basis.<\/p>\n\n\n\n<h3 class=\"wp-block-heading\">3. Kontaktformulare<\/h3>\n\n\n\n<p>Wir nutzen Ninja Forms, um Kontaktformulare bereitzustellen. Die eingegebenen Daten werden ausschlie\u00dflich zur Bearbeitung der Anfrage verwendet und nicht ohne Zustimmung weitergegeben.<\/p>\n\n\n\n<h3 class=\"wp-block-heading\">4. Newsletter<\/h3>\n\n\n\n<p>F\u00fcr den Versand des Newsletters nutzen wir MailPoet. Die Anmeldung erfolgt freiwillig. Die Daten werden ausschlie\u00dflich f\u00fcr den Versand des Newsletters verwendet. Eine Abmeldung ist jederzeit m\u00f6glich.<\/p>\n\n\n\n<h3 class=\"wp-block-heading\">5. Schriftarten<\/h3>\n\n\n\n<p>Zur einheitlichen Darstellung verwenden wir Adobe Fonts. Beim Aufruf der Seite werden Schriftarten von Servern des Anbieters geladen. Dabei kann Ihre IP-Adresse \u00fcbertragen werden. Adobe Fonts speichert keine personenbezogenen Daten laut Anbieterangaben.<\/p>\n\n\n\n<h3 class=\"wp-block-heading\">6. Cookies<\/h3>\n\n\n\n<p>Unsere Website verwendet gegebenenfalls Cookies, um die Benutzerfreundlichkeit zu verbessern. Sie k\u00f6nnen in Ihrem Browser die Verwendung von Cookies einschr\u00e4nken oder verhindern.<\/p>\n\n\n\n<h3 class=\"wp-block-heading\">7. Ihre Rechte<\/h3>\n\n\n\n<p>Sie haben das Recht auf Auskunft, Berichtigung, L\u00f6schung und Einschr\u00e4nkung der Verarbeitung Ihrer personenbezogenen Daten. Au\u00dferdem k\u00f6nnen Sie der Verarbeitung widersprechen und haben ein Recht auf Daten\u00fcbertragbarkeit.<\/p>\n\n\n\n<p>Beschwerden k\u00f6nnen an die zust\u00e4ndige Aufsichtsbeh\u00f6rde gerichtet werden:<br>Berliner Beauftragte f\u00fcr Datenschutz und Informationsfreiheit<br><a href=\"https:\/\/www.datenschutz-berlin.de\">https:\/\/www.datenschutz-berlin.de<\/a><\/p>\n\n\n\n<h3 class=\"wp-block-heading\">8. \u00c4nderungen<\/h3>\n\n\n\n<p>Wir behalten uns vor, diese Datenschutzerkl\u00e4rung bei Bedarf zu \u00e4ndern, um sie an rechtliche Anforderungen anzupassen.<\/p>\n\n\n\n<p><\/p>\n","protected":false},"excerpt":{"rendered":"<p>Impressum Zeit zu reden n.e.V.Luitpoldstr. 4310781 BerlinDeutschland E-Mail: info@zeitzureden.org Verantwortlich f\u00fcr den Inhalt nach \u00a7 55 Abs. 2 RStV:Zeit zu&#8230;<\/p>\n","protected":false},"author":1,"featured_media":0,"parent":0,"menu_order":0,"comment_status":"closed","ping_status":"closed","template":"","meta":{"footnotes":""},"class_list":["post-172","page","type-page","status-publish","hentry"],"_links":{"self":[{"href":"https:\/\/zeitzureden.org\/en\/wp-json\/wp\/v2\/pages\/172","targetHints":{"allow":["GET"]}}],"collection":[{"href":"https:\/\/zeitzureden.org\/en\/wp-json\/wp\/v2\/pages"}],"about":[{"href":"https:\/\/zeitzureden.org\/en\/wp-json\/wp\/v2\/types\/page"}],"author":[{"embeddable":true,"href":"https:\/\/zeitzureden.org\/en\/wp-json\/wp\/v2\/users\/1"}],"replies":[{"embeddable":true,"href":"https:\/\/zeitzureden.org\/en\/wp-json\/wp\/v2\/comments?post=172"}],"version-history":[{"count":2,"href":"https:\/\/zeitzureden.org\/en\/wp-json\/wp\/v2\/pages\/172\/revisions"}],"predecessor-version":[{"id":501,"href":"https:\/\/zeitzureden.org\/en\/wp-json\/wp\/v2\/pages\/172\/revisions\/501"}],"wp:attachment":[{"href":"https:\/\/zeitzureden.org\/en\/wp-json\/wp\/v2\/media?parent=172"}],"curies":[{"name":"wp","href":"https:\/\/api.w.org\/{rel}","templated":true}]}}